{"id":27,"date":"2020-05-11T15:56:28","date_gmt":"2020-05-11T19:56:28","guid":{"rendered":"https:\/\/pickup.bostonsmokedfish.com\/v2\/index.php\/product\/smoked-bluefish-pate\/"},"modified":"2025-11-12T08:40:31","modified_gmt":"2025-11-12T13:40:31","slug":"smoked-bluefish-pate","status":"publish","type":"product","link":"https:\/\/pickup.bostonsmokedfish.com\/markets\/product\/smoked-bluefish-pate\/","title":{"rendered":"Smoked Bluefish P\u00e2t\u00e9"},"content":{"rendered":"","protected":false},"excerpt":{"rendered":"<p>A refreshingly light, rustic p\u00e2t\u00e9 packed with hand-crumbled wild Cape Cod bluefish smoked over natural hickory hardwood. A New England specialty! <\/p>\n<p>Available in 6oz and 12oz sizes. Keeps for 2-3 weeks if refrigerated, 4 weeks if frozen. Shipped fresh.<\/p>\n<p>Kosher Certified (dairy)<\/p>\n","protected":false},"featured_media":66,"template":"","meta":[],"product_brand":[],"product_cat":[16],"product_tag":[],"class_list":{"0":"post-27","1":"product","2":"type-product","3":"status-publish","4":"has-post-thumbnail","6":"product_cat-smoked-fish","8":"first","9":"instock","10":"shipping-taxable","11":"purchasable","12":"product-type-variable","13":"has-default-attributes"},"jetpack_sharing_enabled":true,"_links":{"self":[{"href":"https:\/\/pickup.bostonsmokedfish.com\/markets\/wp-json\/wp\/v2\/product\/27","targetHints":{"allow":["GET"]}}],"collection":[{"href":"https:\/\/pickup.bostonsmokedfish.com\/markets\/wp-json\/wp\/v2\/product"}],"about":[{"href":"https:\/\/pickup.bostonsmokedfish.com\/markets\/wp-json\/wp\/v2\/types\/product"}],"wp:featuredmedia":[{"embeddable":true,"href":"https:\/\/pickup.bostonsmokedfish.com\/markets\/wp-json\/wp\/v2\/media\/66"}],"wp:attachment":[{"href":"https:\/\/pickup.bostonsmokedfish.com\/markets\/wp-json\/wp\/v2\/media?parent=27"}],"wp:term":[{"taxonomy":"product_brand","embeddable":true,"href":"https:\/\/pickup.bostonsmokedfish.com\/markets\/wp-json\/wp\/v2\/product_brand?post=27"},{"taxonomy":"product_cat","embeddable":true,"href":"https:\/\/pickup.bostonsmokedfish.com\/markets\/wp-json\/wp\/v2\/product_cat?post=27"},{"taxonomy":"product_tag","embeddable":true,"href":"https:\/\/pickup.bostonsmokedfish.com\/markets\/wp-json\/wp\/v2\/product_tag?post=27"}],"curies":[{"name":"wp","href":"https:\/\/api.w.org\/{rel}","templated":true}]}}